{"id":265,"date":"2026-03-30T16:04:00","date_gmt":"2026-03-30T14:04:00","guid":{"rendered":"https:\/\/tumedved.sk\/?page_id=265"},"modified":"2026-03-30T16:04:01","modified_gmt":"2026-03-30T14:04:01","slug":"o-nas","status":"publish","type":"page","link":"http:\/\/tumedved.sk\/index.php\/o-nas\/","title":{"rendered":"O n\u00e1s"},"content":{"rendered":"\n<h3 class=\"wp-block-heading\">O n\u00e1s<\/h3>\n\n\n\n<p class=\"has-ast-global-color-8-color has-text-color has-link-color wp-elements-ee87bfeb5dec2df9f3ed5c6ffaa651cd\">Vitajte na <strong>TuMedved.sk<\/strong> \u2013 va\u0161om spo\u013eahlivom pomocn\u00edkovi pre v\u0161etky v\u00fdpo\u010dty, ktor\u00e9 denne potrebujete.<\/p>\n\n\n\n<p class=\"has-ast-global-color-8-color has-text-color has-link-color wp-elements-75352f902a4131e65bf348d21c473752\">Na na\u0161om webe n\u00e1jdete miesta kde sa <strong>nach\u00e1dzaj\u00fa medvede<\/strong> , mapa v\u00e1m pom\u00f4\u017eu pri:<\/p>\n\n\n\n<ul class=\"wp-block-list\">\n<li class=\"has-ast-global-color-8-color has-text-color has-link-color wp-elements-e6517a4698864e5654bcf3f2ab7f16b1\">Nahl\u00e1sen\u00ed medve\u010fa v oblasti<\/li>\n\n\n\n<li class=\"has-ast-global-color-8-color has-text-color has-link-color wp-elements-3bbe4bf691adf6b09fa6f899a07652ba\">Pravideln\u00e1 aktualiz\u00e1cia mapy<\/li>\n<\/ul>\n\n\n\n<p class=\"has-ast-global-color-8-color has-text-color has-link-color wp-elements-f381c06ee65833a24102ea5199583f9f\">Cie\u013eom projektu <strong>TuMedved.sk<\/strong> je turistom na Slovensku u\u013eah\u010di\u0165 v\u00fdlet alebo turistiku v hor\u00e1ch. <\/p>\n\n\n\n<p class=\"has-black-color has-text-color has-link-color wp-elements-ef1cec6b7ee6667a40902c9bdb445fe3\">\ud83d\udca1 Ak m\u00e1te n\u00e1pad ako vylep\u0161i\u0165 n\u00e1\u0161 web nap\u00ed\u0161te n\u00e1m na info@tumedved.sk<\/p>\n","protected":false},"excerpt":{"rendered":"<p>O n\u00e1s Vitajte na TuMedved.sk \u2013 va\u0161om spo\u013eahlivom pomocn\u00edkovi pre v\u0161etky v\u00fdpo\u010dty, ktor\u00e9 denne potrebujete. Na na\u0161om webe n\u00e1jdete miesta [&hellip;]<\/p>\n","protected":false},"author":1,"featured_media":0,"parent":0,"menu_order":0,"comment_status":"closed","ping_status":"closed","template":"","meta":{"_acf_changed":false,"site-sidebar-layout":"default","site-content-layout":"","ast-site-content-layout":"default","site-content-style":"default","site-sidebar-style":"default","ast-global-header-display":"","ast-banner-title-visibility":"","ast-main-header-display":"","ast-hfb-above-header-display":"","ast-hfb-below-header-display":"","ast-hfb-mobile-header-display":"","site-post-title":"disabled","ast-breadcrumbs-content":"","ast-featured-img":"","footer-sml-layout":"","ast-disable-related-posts":"","theme-transparent-header-meta":"","adv-header-id-meta":"","stick-header-meta":"","header-above-stick-meta":"","header-main-stick-meta":"","header-below-stick-meta":"","astra-migrate-meta-layouts":"default","ast-page-background-enabled":"default","ast-page-background-meta":{"desktop":{"background-color":"var(--ast-global-color-5)","background-image":"","background-repeat":"repeat","background-position":"center center","background-size":"auto","background-attachment":"scroll","background-type":"","background-media":"","overlay-type":"","overlay-color":"","overlay-opacity":"","overlay-gradient":""},"tablet":{"background-color":"","background-image":"","background-repeat":"repeat","background-position":"center center","background-size":"auto","background-attachment":"scroll","background-type":"","background-media":"","overlay-type":"","overlay-color":"","overlay-opacity":"","overlay-gradient":""},"mobile":{"background-color":"","background-image":"","background-repeat":"repeat","background-position":"center center","background-size":"auto","background-attachment":"scroll","background-type":"","background-media":"","overlay-type":"","overlay-color":"","overlay-opacity":"","overlay-gradient":""}},"ast-content-background-meta":{"desktop":{"background-color":"var(--ast-global-color-4)","background-image":"","background-repeat":"repeat","background-position":"center center","background-size":"auto","background-attachment":"scroll","background-type":"","background-media":"","overlay-type":"","overlay-color":"","overlay-opacity":"","overlay-gradient":""},"tablet":{"background-color":"var(--ast-global-color-4)","background-image":"","background-repeat":"repeat","background-position":"center center","background-size":"auto","background-attachment":"scroll","background-type":"","background-media":"","overlay-type":"","overlay-color":"","overlay-opacity":"","overlay-gradient":""},"mobile":{"background-color":"var(--ast-global-color-4)","background-image":"","background-repeat":"repeat","background-position":"center center","background-size":"auto","background-attachment":"scroll","background-type":"","background-media":"","overlay-type":"","overlay-color":"","overlay-opacity":"","overlay-gradient":""}},"footnotes":""},"class_list":["post-265","page","type-page","status-publish","hentry"],"acf":[],"yoast_head":"<!-- This site is optimized with the Yoast SEO plugin v27.3 - https:\/\/yoast.com\/product\/yoast-seo-wordpress\/ -->\n<title>O n\u00e1s -<\/title>\n<meta name=\"robots\" content=\"index, follow, max-snippet:-1, max-image-preview:large, max-video-preview:-1\" \/>\n<link rel=\"canonical\" href=\"https:\/\/tumedved.sk\/index.php\/o-nas\/\" \/>\n<meta property=\"og:locale\" content=\"sk_SK\" \/>\n<meta property=\"og:type\" content=\"article\" \/>\n<meta property=\"og:title\" content=\"O n\u00e1s -\" \/>\n<meta property=\"og:description\" content=\"O n\u00e1s Vitajte na TuMedved.sk \u2013 va\u0161om spo\u013eahlivom pomocn\u00edkovi pre v\u0161etky v\u00fdpo\u010dty, ktor\u00e9 denne potrebujete. Na na\u0161om webe n\u00e1jdete miesta [&hellip;]\" \/>\n<meta property=\"og:url\" content=\"https:\/\/tumedved.sk\/index.php\/o-nas\/\" \/>\n<meta property=\"article:modified_time\" content=\"2026-03-30T14:04:01+00:00\" \/>\n<meta name=\"twitter:card\" content=\"summary_large_image\" \/>\n<script type=\"application\/ld+json\" class=\"yoast-schema-graph\">{\"@context\":\"https:\\\/\\\/schema.org\",\"@graph\":[{\"@type\":\"WebPage\",\"@id\":\"https:\\\/\\\/tumedved.sk\\\/index.php\\\/o-nas\\\/\",\"url\":\"https:\\\/\\\/tumedved.sk\\\/index.php\\\/o-nas\\\/\",\"name\":\"O n\u00e1s -\",\"isPartOf\":{\"@id\":\"http:\\\/\\\/tumedved.sk\\\/#website\"},\"datePublished\":\"2026-03-30T14:04:00+00:00\",\"dateModified\":\"2026-03-30T14:04:01+00:00\",\"breadcrumb\":{\"@id\":\"https:\\\/\\\/tumedved.sk\\\/index.php\\\/o-nas\\\/#breadcrumb\"},\"inLanguage\":\"sk-SK\",\"potentialAction\":[{\"@type\":\"ReadAction\",\"target\":[\"https:\\\/\\\/tumedved.sk\\\/index.php\\\/o-nas\\\/\"]}]},{\"@type\":\"BreadcrumbList\",\"@id\":\"https:\\\/\\\/tumedved.sk\\\/index.php\\\/o-nas\\\/#breadcrumb\",\"itemListElement\":[{\"@type\":\"ListItem\",\"position\":1,\"name\":\"Domovsk\u00e1 str\u00e1nka\",\"item\":\"https:\\\/\\\/tumedved.sk\\\/\"},{\"@type\":\"ListItem\",\"position\":2,\"name\":\"O n\u00e1s\"}]},{\"@type\":\"WebSite\",\"@id\":\"http:\\\/\\\/tumedved.sk\\\/#website\",\"url\":\"http:\\\/\\\/tumedved.sk\\\/\",\"name\":\"TuMedved.sk\",\"description\":\"TuMedve\u010f.sk -zisti kde s\u00fa medvede na Slovesnku\",\"publisher\":{\"@id\":\"http:\\\/\\\/tumedved.sk\\\/#\\\/schema\\\/person\\\/64a581dbeff210b9729648484bce6c57\"},\"potentialAction\":[{\"@type\":\"SearchAction\",\"target\":{\"@type\":\"EntryPoint\",\"urlTemplate\":\"http:\\\/\\\/tumedved.sk\\\/?s={search_term_string}\"},\"query-input\":{\"@type\":\"PropertyValueSpecification\",\"valueRequired\":true,\"valueName\":\"search_term_string\"}}],\"inLanguage\":\"sk-SK\"},{\"@type\":[\"Person\",\"Organization\"],\"@id\":\"http:\\\/\\\/tumedved.sk\\\/#\\\/schema\\\/person\\\/64a581dbeff210b9729648484bce6c57\",\"name\":\"Marek\",\"image\":{\"@type\":\"ImageObject\",\"inLanguage\":\"sk-SK\",\"@id\":\"http:\\\/\\\/tumedved.sk\\\/wp-content\\\/uploads\\\/2026\\\/03\\\/cropped-cropped-cropped-TuMedved.sk_-1.webp\",\"url\":\"http:\\\/\\\/tumedved.sk\\\/wp-content\\\/uploads\\\/2026\\\/03\\\/cropped-cropped-cropped-TuMedved.sk_-1.webp\",\"contentUrl\":\"http:\\\/\\\/tumedved.sk\\\/wp-content\\\/uploads\\\/2026\\\/03\\\/cropped-cropped-cropped-TuMedved.sk_-1.webp\",\"width\":429,\"height\":120,\"caption\":\"Marek\"},\"logo\":{\"@id\":\"http:\\\/\\\/tumedved.sk\\\/wp-content\\\/uploads\\\/2026\\\/03\\\/cropped-cropped-cropped-TuMedved.sk_-1.webp\"},\"sameAs\":[\"http:\\\/\\\/tumedved.sk\"]}]}<\/script>\n<!-- \/ Yoast SEO plugin. -->","yoast_head_json":{"title":"O n\u00e1s -","robots":{"index":"index","follow":"follow","max-snippet":"max-snippet:-1","max-image-preview":"max-image-preview:large","max-video-preview":"max-video-preview:-1"},"canonical":"https:\/\/tumedved.sk\/index.php\/o-nas\/","og_locale":"sk_SK","og_type":"article","og_title":"O n\u00e1s -","og_description":"O n\u00e1s Vitajte na TuMedved.sk \u2013 va\u0161om spo\u013eahlivom pomocn\u00edkovi pre v\u0161etky v\u00fdpo\u010dty, ktor\u00e9 denne potrebujete. Na na\u0161om webe n\u00e1jdete miesta [&hellip;]","og_url":"https:\/\/tumedved.sk\/index.php\/o-nas\/","article_modified_time":"2026-03-30T14:04:01+00:00","twitter_card":"summary_large_image","schema":{"@context":"https:\/\/schema.org","@graph":[{"@type":"WebPage","@id":"https:\/\/tumedved.sk\/index.php\/o-nas\/","url":"https:\/\/tumedved.sk\/index.php\/o-nas\/","name":"O n\u00e1s -","isPartOf":{"@id":"http:\/\/tumedved.sk\/#website"},"datePublished":"2026-03-30T14:04:00+00:00","dateModified":"2026-03-30T14:04:01+00:00","breadcrumb":{"@id":"https:\/\/tumedved.sk\/index.php\/o-nas\/#breadcrumb"},"inLanguage":"sk-SK","potentialAction":[{"@type":"ReadAction","target":["https:\/\/tumedved.sk\/index.php\/o-nas\/"]}]},{"@type":"BreadcrumbList","@id":"https:\/\/tumedved.sk\/index.php\/o-nas\/#breadcrumb","itemListElement":[{"@type":"ListItem","position":1,"name":"Domovsk\u00e1 str\u00e1nka","item":"https:\/\/tumedved.sk\/"},{"@type":"ListItem","position":2,"name":"O n\u00e1s"}]},{"@type":"WebSite","@id":"http:\/\/tumedved.sk\/#website","url":"http:\/\/tumedved.sk\/","name":"TuMedved.sk","description":"TuMedve\u010f.sk -zisti kde s\u00fa medvede na Slovesnku","publisher":{"@id":"http:\/\/tumedved.sk\/#\/schema\/person\/64a581dbeff210b9729648484bce6c57"},"potentialAction":[{"@type":"SearchAction","target":{"@type":"EntryPoint","urlTemplate":"http:\/\/tumedved.sk\/?s={search_term_string}"},"query-input":{"@type":"PropertyValueSpecification","valueRequired":true,"valueName":"search_term_string"}}],"inLanguage":"sk-SK"},{"@type":["Person","Organization"],"@id":"http:\/\/tumedved.sk\/#\/schema\/person\/64a581dbeff210b9729648484bce6c57","name":"Marek","image":{"@type":"ImageObject","inLanguage":"sk-SK","@id":"http:\/\/tumedved.sk\/wp-content\/uploads\/2026\/03\/cropped-cropped-cropped-TuMedved.sk_-1.webp","url":"http:\/\/tumedved.sk\/wp-content\/uploads\/2026\/03\/cropped-cropped-cropped-TuMedved.sk_-1.webp","contentUrl":"http:\/\/tumedved.sk\/wp-content\/uploads\/2026\/03\/cropped-cropped-cropped-TuMedved.sk_-1.webp","width":429,"height":120,"caption":"Marek"},"logo":{"@id":"http:\/\/tumedved.sk\/wp-content\/uploads\/2026\/03\/cropped-cropped-cropped-TuMedved.sk_-1.webp"},"sameAs":["http:\/\/tumedved.sk"]}]}},"_links":{"self":[{"href":"http:\/\/tumedved.sk\/index.php\/wp-json\/wp\/v2\/pages\/265","targetHints":{"allow":["GET"]}}],"collection":[{"href":"http:\/\/tumedved.sk\/index.php\/wp-json\/wp\/v2\/pages"}],"about":[{"href":"http:\/\/tumedved.sk\/index.php\/wp-json\/wp\/v2\/types\/page"}],"author":[{"embeddable":true,"href":"http:\/\/tumedved.sk\/index.php\/wp-json\/wp\/v2\/users\/1"}],"replies":[{"embeddable":true,"href":"http:\/\/tumedved.sk\/index.php\/wp-json\/wp\/v2\/comments?post=265"}],"version-history":[{"count":0,"href":"http:\/\/tumedved.sk\/index.php\/wp-json\/wp\/v2\/pages\/265\/revisions"}],"wp:attachment":[{"href":"http:\/\/tumedved.sk\/index.php\/wp-json\/wp\/v2\/media?parent=265"}],"curies":[{"name":"wp","href":"https:\/\/api.w.org\/{rel}","templated":true}]}}