{"id":271,"date":"2026-03-30T16:18:19","date_gmt":"2026-03-30T14:18:19","guid":{"rendered":"https:\/\/tumedved.sk\/?page_id=271"},"modified":"2026-03-30T16:18:20","modified_gmt":"2026-03-30T14:18:20","slug":"podmienky-pouzivania-2","status":"publish","type":"page","link":"http:\/\/tumedved.sk\/index.php\/podmienky-pouzivania-2\/","title":{"rendered":"Podmienky pou\u017e\u00edvania"},"content":{"rendered":"\n<h2 class=\"wp-block-heading\">Podmienky pou\u017e\u00edvania<\/h2>\n\n\n\n<p>Web TuMedved.sk sl\u00fa\u017ei na zdie\u013eanie hl\u00e1sen\u00ed o v\u00fdskyte medve\u010fov.<\/p>\n\n\n\n<ul class=\"wp-block-list\">\n<li>Hl\u00e1senia prid\u00e1vaj\u00fa pou\u017e\u00edvatelia a nemusia by\u0165 presn\u00e9<\/li>\n\n\n\n<li>Prev\u00e1dzkovate\u013e nezodpoved\u00e1 za pravdivos\u0165 \u00fadajov<\/li>\n\n\n\n<li>Zakazuje sa prid\u00e1va\u0165 nepravdiv\u00e9 alebo zav\u00e1dzaj\u00face inform\u00e1cie<\/li>\n\n\n\n<li>Prev\u00e1dzkovate\u013e m\u00f4\u017ee obsah odstr\u00e1ni\u0165 bez upozornenia<\/li>\n\n\n\n<li>Pou\u017e\u00edvanie str\u00e1nky je na vlastn\u00e9 riziko<\/li>\n<\/ul>\n\n\n\n<p>Pou\u017e\u00edvan\u00edm str\u00e1nky s\u00fahlas\u00edte s t\u00fdmito podmienkami.<\/p>\n","protected":false},"excerpt":{"rendered":"<p>Podmienky pou\u017e\u00edvania Web TuMedved.sk sl\u00fa\u017ei na zdie\u013eanie hl\u00e1sen\u00ed o v\u00fdskyte medve\u010fov. Pou\u017e\u00edvan\u00edm str\u00e1nky s\u00fahlas\u00edte s t\u00fdmito podmienkami.<\/p>\n","protected":false},"author":1,"featured_media":0,"parent":0,"menu_order":0,"comment_status":"closed","ping_status":"closed","template":"","meta":{"_acf_changed":false,"site-sidebar-layout":"default","site-content-layout":"","ast-site-content-layout":"default","site-content-style":"default","site-sidebar-style":"default","ast-global-header-display":"","ast-banner-title-visibility":"","ast-main-header-display":"","ast-hfb-above-header-display":"","ast-hfb-below-header-display":"","ast-hfb-mobile-header-display":"","site-post-title":"disabled","ast-breadcrumbs-content":"","ast-featured-img":"","footer-sml-layout":"","ast-disable-related-posts":"","theme-transparent-header-meta":"","adv-header-id-meta":"","stick-header-meta":"","header-above-stick-meta":"","header-main-stick-meta":"","header-below-stick-meta":"","astra-migrate-meta-layouts":"default","ast-page-background-enabled":"default","ast-page-background-meta":{"desktop":{"background-color":"var(--ast-global-color-5)","background-image":"","background-repeat":"repeat","background-position":"center center","background-size":"auto","background-attachment":"scroll","background-type":"","background-media":"","overlay-type":"","overlay-color":"","overlay-opacity":"","overlay-gradient":""},"tablet":{"background-color":"","background-image":"","background-repeat":"repeat","background-position":"center center","background-size":"auto","background-attachment":"scroll","background-type":"","background-media":"","overlay-type":"","overlay-color":"","overlay-opacity":"","overlay-gradient":""},"mobile":{"background-color":"","background-image":"","background-repeat":"repeat","background-position":"center center","background-size":"auto","background-attachment":"scroll","background-type":"","background-media":"","overlay-type":"","overlay-color":"","overlay-opacity":"","overlay-gradient":""}},"ast-content-background-meta":{"desktop":{"background-color":"var(--ast-global-color-4)","background-image":"","background-repeat":"repeat","background-position":"center center","background-size":"auto","background-attachment":"scroll","background-type":"","background-media":"","overlay-type":"","overlay-color":"","overlay-opacity":"","overlay-gradient":""},"tablet":{"background-color":"var(--ast-global-color-4)","background-image":"","background-repeat":"repeat","background-position":"center center","background-size":"auto","background-attachment":"scroll","background-type":"","background-media":"","overlay-type":"","overlay-color":"","overlay-opacity":"","overlay-gradient":""},"mobile":{"background-color":"var(--ast-global-color-4)","background-image":"","background-repeat":"repeat","background-position":"center center","background-size":"auto","background-attachment":"scroll","background-type":"","background-media":"","overlay-type":"","overlay-color":"","overlay-opacity":"","overlay-gradient":""}},"footnotes":""},"class_list":["post-271","page","type-page","status-publish","hentry"],"acf":[],"yoast_head":"<!-- This site is optimized with the Yoast SEO plugin v27.3 - https:\/\/yoast.com\/product\/yoast-seo-wordpress\/ -->\n<title>Podmienky pou\u017e\u00edvania -<\/title>\n<meta name=\"robots\" content=\"index, follow, max-snippet:-1, max-image-preview:large, max-video-preview:-1\" \/>\n<link rel=\"canonical\" href=\"https:\/\/tumedved.sk\/index.php\/podmienky-pouzivania-2\/\" \/>\n<meta property=\"og:locale\" content=\"sk_SK\" \/>\n<meta property=\"og:type\" content=\"article\" \/>\n<meta property=\"og:title\" content=\"Podmienky pou\u017e\u00edvania -\" \/>\n<meta property=\"og:description\" content=\"Podmienky pou\u017e\u00edvania Web TuMedved.sk sl\u00fa\u017ei na zdie\u013eanie hl\u00e1sen\u00ed o v\u00fdskyte medve\u010fov. Pou\u017e\u00edvan\u00edm str\u00e1nky s\u00fahlas\u00edte s t\u00fdmito podmienkami.\" \/>\n<meta property=\"og:url\" content=\"https:\/\/tumedved.sk\/index.php\/podmienky-pouzivania-2\/\" \/>\n<meta property=\"article:modified_time\" content=\"2026-03-30T14:18:20+00:00\" \/>\n<meta name=\"twitter:card\" content=\"summary_large_image\" \/>\n<script type=\"application\/ld+json\" class=\"yoast-schema-graph\">{\"@context\":\"https:\\\/\\\/schema.org\",\"@graph\":[{\"@type\":\"WebPage\",\"@id\":\"https:\\\/\\\/tumedved.sk\\\/index.php\\\/podmienky-pouzivania-2\\\/\",\"url\":\"https:\\\/\\\/tumedved.sk\\\/index.php\\\/podmienky-pouzivania-2\\\/\",\"name\":\"Podmienky pou\u017e\u00edvania -\",\"isPartOf\":{\"@id\":\"http:\\\/\\\/tumedved.sk\\\/#website\"},\"datePublished\":\"2026-03-30T14:18:19+00:00\",\"dateModified\":\"2026-03-30T14:18:20+00:00\",\"breadcrumb\":{\"@id\":\"https:\\\/\\\/tumedved.sk\\\/index.php\\\/podmienky-pouzivania-2\\\/#breadcrumb\"},\"inLanguage\":\"sk-SK\",\"potentialAction\":[{\"@type\":\"ReadAction\",\"target\":[\"https:\\\/\\\/tumedved.sk\\\/index.php\\\/podmienky-pouzivania-2\\\/\"]}]},{\"@type\":\"BreadcrumbList\",\"@id\":\"https:\\\/\\\/tumedved.sk\\\/index.php\\\/podmienky-pouzivania-2\\\/#breadcrumb\",\"itemListElement\":[{\"@type\":\"ListItem\",\"position\":1,\"name\":\"Domovsk\u00e1 str\u00e1nka\",\"item\":\"https:\\\/\\\/tumedved.sk\\\/\"},{\"@type\":\"ListItem\",\"position\":2,\"name\":\"Podmienky pou\u017e\u00edvania\"}]},{\"@type\":\"WebSite\",\"@id\":\"http:\\\/\\\/tumedved.sk\\\/#website\",\"url\":\"http:\\\/\\\/tumedved.sk\\\/\",\"name\":\"TuMedved.sk\",\"description\":\"TuMedve\u010f.sk -zisti kde s\u00fa medvede na Slovesnku\",\"publisher\":{\"@id\":\"http:\\\/\\\/tumedved.sk\\\/#\\\/schema\\\/person\\\/64a581dbeff210b9729648484bce6c57\"},\"potentialAction\":[{\"@type\":\"SearchAction\",\"target\":{\"@type\":\"EntryPoint\",\"urlTemplate\":\"http:\\\/\\\/tumedved.sk\\\/?s={search_term_string}\"},\"query-input\":{\"@type\":\"PropertyValueSpecification\",\"valueRequired\":true,\"valueName\":\"search_term_string\"}}],\"inLanguage\":\"sk-SK\"},{\"@type\":[\"Person\",\"Organization\"],\"@id\":\"http:\\\/\\\/tumedved.sk\\\/#\\\/schema\\\/person\\\/64a581dbeff210b9729648484bce6c57\",\"name\":\"Marek\",\"image\":{\"@type\":\"ImageObject\",\"inLanguage\":\"sk-SK\",\"@id\":\"http:\\\/\\\/tumedved.sk\\\/wp-content\\\/uploads\\\/2026\\\/03\\\/cropped-cropped-cropped-TuMedved.sk_-1.webp\",\"url\":\"http:\\\/\\\/tumedved.sk\\\/wp-content\\\/uploads\\\/2026\\\/03\\\/cropped-cropped-cropped-TuMedved.sk_-1.webp\",\"contentUrl\":\"http:\\\/\\\/tumedved.sk\\\/wp-content\\\/uploads\\\/2026\\\/03\\\/cropped-cropped-cropped-TuMedved.sk_-1.webp\",\"width\":429,\"height\":120,\"caption\":\"Marek\"},\"logo\":{\"@id\":\"http:\\\/\\\/tumedved.sk\\\/wp-content\\\/uploads\\\/2026\\\/03\\\/cropped-cropped-cropped-TuMedved.sk_-1.webp\"},\"sameAs\":[\"http:\\\/\\\/tumedved.sk\"]}]}<\/script>\n<!-- \/ Yoast SEO plugin. -->","yoast_head_json":{"title":"Podmienky pou\u017e\u00edvania -","robots":{"index":"index","follow":"follow","max-snippet":"max-snippet:-1","max-image-preview":"max-image-preview:large","max-video-preview":"max-video-preview:-1"},"canonical":"https:\/\/tumedved.sk\/index.php\/podmienky-pouzivania-2\/","og_locale":"sk_SK","og_type":"article","og_title":"Podmienky pou\u017e\u00edvania -","og_description":"Podmienky pou\u017e\u00edvania Web TuMedved.sk sl\u00fa\u017ei na zdie\u013eanie hl\u00e1sen\u00ed o v\u00fdskyte medve\u010fov. Pou\u017e\u00edvan\u00edm str\u00e1nky s\u00fahlas\u00edte s t\u00fdmito podmienkami.","og_url":"https:\/\/tumedved.sk\/index.php\/podmienky-pouzivania-2\/","article_modified_time":"2026-03-30T14:18:20+00:00","twitter_card":"summary_large_image","schema":{"@context":"https:\/\/schema.org","@graph":[{"@type":"WebPage","@id":"https:\/\/tumedved.sk\/index.php\/podmienky-pouzivania-2\/","url":"https:\/\/tumedved.sk\/index.php\/podmienky-pouzivania-2\/","name":"Podmienky pou\u017e\u00edvania -","isPartOf":{"@id":"http:\/\/tumedved.sk\/#website"},"datePublished":"2026-03-30T14:18:19+00:00","dateModified":"2026-03-30T14:18:20+00:00","breadcrumb":{"@id":"https:\/\/tumedved.sk\/index.php\/podmienky-pouzivania-2\/#breadcrumb"},"inLanguage":"sk-SK","potentialAction":[{"@type":"ReadAction","target":["https:\/\/tumedved.sk\/index.php\/podmienky-pouzivania-2\/"]}]},{"@type":"BreadcrumbList","@id":"https:\/\/tumedved.sk\/index.php\/podmienky-pouzivania-2\/#breadcrumb","itemListElement":[{"@type":"ListItem","position":1,"name":"Domovsk\u00e1 str\u00e1nka","item":"https:\/\/tumedved.sk\/"},{"@type":"ListItem","position":2,"name":"Podmienky pou\u017e\u00edvania"}]},{"@type":"WebSite","@id":"http:\/\/tumedved.sk\/#website","url":"http:\/\/tumedved.sk\/","name":"TuMedved.sk","description":"TuMedve\u010f.sk -zisti kde s\u00fa medvede na Slovesnku","publisher":{"@id":"http:\/\/tumedved.sk\/#\/schema\/person\/64a581dbeff210b9729648484bce6c57"},"potentialAction":[{"@type":"SearchAction","target":{"@type":"EntryPoint","urlTemplate":"http:\/\/tumedved.sk\/?s={search_term_string}"},"query-input":{"@type":"PropertyValueSpecification","valueRequired":true,"valueName":"search_term_string"}}],"inLanguage":"sk-SK"},{"@type":["Person","Organization"],"@id":"http:\/\/tumedved.sk\/#\/schema\/person\/64a581dbeff210b9729648484bce6c57","name":"Marek","image":{"@type":"ImageObject","inLanguage":"sk-SK","@id":"http:\/\/tumedved.sk\/wp-content\/uploads\/2026\/03\/cropped-cropped-cropped-TuMedved.sk_-1.webp","url":"http:\/\/tumedved.sk\/wp-content\/uploads\/2026\/03\/cropped-cropped-cropped-TuMedved.sk_-1.webp","contentUrl":"http:\/\/tumedved.sk\/wp-content\/uploads\/2026\/03\/cropped-cropped-cropped-TuMedved.sk_-1.webp","width":429,"height":120,"caption":"Marek"},"logo":{"@id":"http:\/\/tumedved.sk\/wp-content\/uploads\/2026\/03\/cropped-cropped-cropped-TuMedved.sk_-1.webp"},"sameAs":["http:\/\/tumedved.sk"]}]}},"_links":{"self":[{"href":"http:\/\/tumedved.sk\/index.php\/wp-json\/wp\/v2\/pages\/271","targetHints":{"allow":["GET"]}}],"collection":[{"href":"http:\/\/tumedved.sk\/index.php\/wp-json\/wp\/v2\/pages"}],"about":[{"href":"http:\/\/tumedved.sk\/index.php\/wp-json\/wp\/v2\/types\/page"}],"author":[{"embeddable":true,"href":"http:\/\/tumedved.sk\/index.php\/wp-json\/wp\/v2\/users\/1"}],"replies":[{"embeddable":true,"href":"http:\/\/tumedved.sk\/index.php\/wp-json\/wp\/v2\/comments?post=271"}],"version-history":[{"count":0,"href":"http:\/\/tumedved.sk\/index.php\/wp-json\/wp\/v2\/pages\/271\/revisions"}],"wp:attachment":[{"href":"http:\/\/tumedved.sk\/index.php\/wp-json\/wp\/v2\/media?parent=271"}],"curies":[{"name":"wp","href":"https:\/\/api.w.org\/{rel}","templated":true}]}}