{"id":261,"date":"2026-03-30T15:36:22","date_gmt":"2026-03-30T13:36:22","guid":{"rendered":"https:\/\/tumedved.sk\/?page_id=261"},"modified":"2026-03-30T15:58:08","modified_gmt":"2026-03-30T13:58:08","slug":"zasady-ochrany-osobnych-udajov-gdpr","status":"publish","type":"page","link":"https:\/\/tumedved.sk\/index.php\/zasady-ochrany-osobnych-udajov-gdpr\/","title":{"rendered":"Z\u00e1sady ochrany osobn\u00fdch \u00fadajov (GDPR)"},"content":{"rendered":"\n<h1>Z\u00e1sady ochrany osobn\u00fdch \u00fadajov (GDPR)<\/h1>\n<p>Web <strong>TuMedved.sk<\/strong> re\u0161pektuje va\u0161e s\u00fakromie a sprac\u00fava osobn\u00e9 \u00fadaje v s\u00falade s nariaden\u00edm <strong>GDPR (E\u00da 2016\/679)<\/strong>.<\/p>\n\n<h2>Zhroma\u017e\u010fovan\u00e9 \u00fadaje<\/h2>\n<p>Zhroma\u017e\u010fujeme len \u00fadaje, ktor\u00e9 <strong>dobrovo\u013ene zad\u00e1te<\/strong> \u2013 napr. cez kontaktn\u00fd formul\u00e1r alebo newsletter.<\/p>\n<p>Automaticky zbierame:<\/p>\n<ul>\n  <li>IP adresu<\/li>\n  <li>typ prehliada\u010da<\/li>\n  <li>nav\u0161t\u00edven\u00e9 str\u00e1nky<\/li>\n<\/ul>\n<p>Tieto \u00fadaje sprac\u00favame cez:<\/p>\n<ul>\n  <li><strong>Google Analytics<\/strong> (na anal\u00fdzu n\u00e1v\u0161tevnosti)<\/li>\n  <li><strong>Google AdSense<\/strong> (na zobrazovanie rekl\u00e1m)<\/li>\n<\/ul>\n\n<h2>Cookies<\/h2>\n<p>Pou\u017e\u00edvame <strong>cookies<\/strong> na:<\/p>\n<ul>\n  <li>zlep\u0161enie funk\u010dnosti webu<\/li>\n  <li>anal\u00fdzu n\u00e1v\u0161tevnosti (<strong>Google Analytics<\/strong>)<\/li>\n  <li>personalizovan\u00e9 reklamy (<strong>Google AdSense<\/strong>)<\/li>\n<\/ul>\n<p>M\u00f4\u017eete ich zablokova\u0165 v nastaveniach prehliada\u010da.<\/p>\n\n<h2>Va\u0161e \u00fadaje<\/h2>\n<ul>\n  <li><strong>nikdy neposkytujeme tret\u00edm stran\u00e1m<\/strong> (okrem Google ako spracovate\u013ea)<\/li>\n  <li>pou\u017e\u00edvame v\u00fdhradne na <strong>komunik\u00e1ciu s vami<\/strong><\/li>\n  <li>uchov\u00e1vame <strong>bezpe\u010dne a len po nevyhnutn\u00fa dobu<\/strong><\/li>\n<\/ul>\n\n<h2>Va\u0161e pr\u00e1va<\/h2>\n<p>M\u00e1te pr\u00e1vo po\u017eiada\u0165 o:<\/p>\n<ul>\n  <li><strong>pr\u00edstup<\/strong> k \u00fadajom<\/li>\n  <li><strong>opravu alebo v\u00fdmaz<\/strong><\/li>\n  <li><strong>obmedzenie sprac\u00favania<\/strong><\/li>\n<\/ul>\n\n<h2>Kontakt<\/h2>\n<p>\ud83d\udce7 <strong>info@tumedved.sk<\/strong><\/p>\n\n<p><strong>Naposledy aktualizovan\u00e9:<\/strong> Marec 2026<\/p>\n\n\n\n<p><\/p>\n","protected":false},"excerpt":{"rendered":"<p>Z\u00e1sady ochrany osobn\u00fdch \u00fadajov (GDPR) Web TuMedved.sk re\u0161pektuje va\u0161e s\u00fakromie a sprac\u00fava osobn\u00e9 \u00fadaje v s\u00falade s nariaden\u00edm GDPR (E\u00da [&hellip;]<\/p>\n","protected":false},"author":1,"featured_media":0,"parent":0,"menu_order":0,"comment_status":"closed","ping_status":"closed","template":"","meta":{"_acf_changed":false,"site-sidebar-layout":"default","site-content-layout":"","ast-site-content-layout":"default","site-content-style":"default","site-sidebar-style":"default","ast-global-header-display":"","ast-banner-title-visibility":"","ast-main-header-display":"","ast-hfb-above-header-display":"","ast-hfb-below-header-display":"","ast-hfb-mobile-header-display":"","site-post-title":"disabled","ast-breadcrumbs-content":"","ast-featured-img":"","footer-sml-layout":"","ast-disable-related-posts":"","theme-transparent-header-meta":"","adv-header-id-meta":"","stick-header-meta":"","header-above-stick-meta":"","header-main-stick-meta":"","header-below-stick-meta":"","astra-migrate-meta-layouts":"default","ast-page-background-enabled":"default","ast-page-background-meta":{"desktop":{"background-color":"var(--ast-global-color-5)","background-image":"","background-repeat":"repeat","background-position":"center center","background-size":"auto","background-attachment":"scroll","background-type":"","background-media":"","overlay-type":"","overlay-color":"","overlay-opacity":"","overlay-gradient":""},"tablet":{"background-color":"","background-image":"","background-repeat":"repeat","background-position":"center center","background-size":"auto","background-attachment":"scroll","background-type":"","background-media":"","overlay-type":"","overlay-color":"","overlay-opacity":"","overlay-gradient":""},"mobile":{"background-color":"","background-image":"","background-repeat":"repeat","background-position":"center center","background-size":"auto","background-attachment":"scroll","background-type":"","background-media":"","overlay-type":"","overlay-color":"","overlay-opacity":"","overlay-gradient":""}},"ast-content-background-meta":{"desktop":{"background-color":"var(--ast-global-color-4)","background-image":"","background-repeat":"repeat","background-position":"center center","background-size":"auto","background-attachment":"scroll","background-type":"","background-media":"","overlay-type":"","overlay-color":"","overlay-opacity":"","overlay-gradient":""},"tablet":{"background-color":"var(--ast-global-color-4)","background-image":"","background-repeat":"repeat","background-position":"center center","background-size":"auto","background-attachment":"scroll","background-type":"","background-media":"","overlay-type":"","overlay-color":"","overlay-opacity":"","overlay-gradient":""},"mobile":{"background-color":"var(--ast-global-color-4)","background-image":"","background-repeat":"repeat","background-position":"center center","background-size":"auto","background-attachment":"scroll","background-type":"","background-media":"","overlay-type":"","overlay-color":"","overlay-opacity":"","overlay-gradient":""}},"footnotes":""},"class_list":["post-261","page","type-page","status-publish","hentry"],"acf":[],"yoast_head":"<!-- This site is optimized with the Yoast SEO plugin v27.3 - https:\/\/yoast.com\/product\/yoast-seo-wordpress\/ -->\n<title>Z\u00e1sady ochrany osobn\u00fdch \u00fadajov (GDPR) -<\/title>\n<meta name=\"robots\" content=\"index, follow, max-snippet:-1, max-image-preview:large, max-video-preview:-1\" \/>\n<link rel=\"canonical\" href=\"https:\/\/tumedved.sk\/index.php\/zasady-ochrany-osobnych-udajov-gdpr\/\" \/>\n<meta property=\"og:locale\" content=\"sk_SK\" \/>\n<meta property=\"og:type\" content=\"article\" \/>\n<meta property=\"og:title\" content=\"Z\u00e1sady ochrany osobn\u00fdch \u00fadajov (GDPR) -\" \/>\n<meta property=\"og:description\" content=\"Z\u00e1sady ochrany osobn\u00fdch \u00fadajov (GDPR) Web TuMedved.sk re\u0161pektuje va\u0161e s\u00fakromie a sprac\u00fava osobn\u00e9 \u00fadaje v s\u00falade s nariaden\u00edm GDPR (E\u00da [&hellip;]\" \/>\n<meta property=\"og:url\" content=\"https:\/\/tumedved.sk\/index.php\/zasady-ochrany-osobnych-udajov-gdpr\/\" \/>\n<meta property=\"article:modified_time\" content=\"2026-03-30T13:58:08+00:00\" \/>\n<meta name=\"twitter:card\" content=\"summary_large_image\" \/>\n<meta name=\"twitter:label1\" content=\"Predpokladan\u00fd \u010das \u010d\u00edtania\" \/>\n\t<meta name=\"twitter:data1\" content=\"1 min\u00fata\" \/>\n<script type=\"application\/ld+json\" class=\"yoast-schema-graph\">{\"@context\":\"https:\\\/\\\/schema.org\",\"@graph\":[{\"@type\":\"WebPage\",\"@id\":\"https:\\\/\\\/tumedved.sk\\\/index.php\\\/zasady-ochrany-osobnych-udajov-gdpr\\\/\",\"url\":\"https:\\\/\\\/tumedved.sk\\\/index.php\\\/zasady-ochrany-osobnych-udajov-gdpr\\\/\",\"name\":\"Z\u00e1sady ochrany osobn\u00fdch \u00fadajov (GDPR) -\",\"isPartOf\":{\"@id\":\"http:\\\/\\\/tumedved.sk\\\/#website\"},\"datePublished\":\"2026-03-30T13:36:22+00:00\",\"dateModified\":\"2026-03-30T13:58:08+00:00\",\"breadcrumb\":{\"@id\":\"https:\\\/\\\/tumedved.sk\\\/index.php\\\/zasady-ochrany-osobnych-udajov-gdpr\\\/#breadcrumb\"},\"inLanguage\":\"sk-SK\",\"potentialAction\":[{\"@type\":\"ReadAction\",\"target\":[\"https:\\\/\\\/tumedved.sk\\\/index.php\\\/zasady-ochrany-osobnych-udajov-gdpr\\\/\"]}]},{\"@type\":\"BreadcrumbList\",\"@id\":\"https:\\\/\\\/tumedved.sk\\\/index.php\\\/zasady-ochrany-osobnych-udajov-gdpr\\\/#breadcrumb\",\"itemListElement\":[{\"@type\":\"ListItem\",\"position\":1,\"name\":\"Domovsk\u00e1 str\u00e1nka\",\"item\":\"https:\\\/\\\/tumedved.sk\\\/\"},{\"@type\":\"ListItem\",\"position\":2,\"name\":\"Z\u00e1sady ochrany osobn\u00fdch \u00fadajov (GDPR)\"}]},{\"@type\":\"WebSite\",\"@id\":\"http:\\\/\\\/tumedved.sk\\\/#website\",\"url\":\"http:\\\/\\\/tumedved.sk\\\/\",\"name\":\"TuMedved.sk\",\"description\":\"TuMedve\u010f.sk -zisti kde s\u00fa medvede na Slovesnku\",\"publisher\":{\"@id\":\"http:\\\/\\\/tumedved.sk\\\/#\\\/schema\\\/person\\\/64a581dbeff210b9729648484bce6c57\"},\"potentialAction\":[{\"@type\":\"SearchAction\",\"target\":{\"@type\":\"EntryPoint\",\"urlTemplate\":\"http:\\\/\\\/tumedved.sk\\\/?s={search_term_string}\"},\"query-input\":{\"@type\":\"PropertyValueSpecification\",\"valueRequired\":true,\"valueName\":\"search_term_string\"}}],\"inLanguage\":\"sk-SK\"},{\"@type\":[\"Person\",\"Organization\"],\"@id\":\"http:\\\/\\\/tumedved.sk\\\/#\\\/schema\\\/person\\\/64a581dbeff210b9729648484bce6c57\",\"name\":\"Marek\",\"image\":{\"@type\":\"ImageObject\",\"inLanguage\":\"sk-SK\",\"@id\":\"https:\\\/\\\/tumedved.sk\\\/wp-content\\\/uploads\\\/2026\\\/03\\\/cropped-cropped-cropped-TuMedved.sk_-1.webp\",\"url\":\"https:\\\/\\\/tumedved.sk\\\/wp-content\\\/uploads\\\/2026\\\/03\\\/cropped-cropped-cropped-TuMedved.sk_-1.webp\",\"contentUrl\":\"https:\\\/\\\/tumedved.sk\\\/wp-content\\\/uploads\\\/2026\\\/03\\\/cropped-cropped-cropped-TuMedved.sk_-1.webp\",\"width\":429,\"height\":120,\"caption\":\"Marek\"},\"logo\":{\"@id\":\"https:\\\/\\\/tumedved.sk\\\/wp-content\\\/uploads\\\/2026\\\/03\\\/cropped-cropped-cropped-TuMedved.sk_-1.webp\"},\"sameAs\":[\"http:\\\/\\\/tumedved.sk\"]}]}<\/script>\n<!-- \/ Yoast SEO plugin. -->","yoast_head_json":{"title":"Z\u00e1sady ochrany osobn\u00fdch \u00fadajov (GDPR) -","robots":{"index":"index","follow":"follow","max-snippet":"max-snippet:-1","max-image-preview":"max-image-preview:large","max-video-preview":"max-video-preview:-1"},"canonical":"https:\/\/tumedved.sk\/index.php\/zasady-ochrany-osobnych-udajov-gdpr\/","og_locale":"sk_SK","og_type":"article","og_title":"Z\u00e1sady ochrany osobn\u00fdch \u00fadajov (GDPR) -","og_description":"Z\u00e1sady ochrany osobn\u00fdch \u00fadajov (GDPR) Web TuMedved.sk re\u0161pektuje va\u0161e s\u00fakromie a sprac\u00fava osobn\u00e9 \u00fadaje v s\u00falade s nariaden\u00edm GDPR (E\u00da [&hellip;]","og_url":"https:\/\/tumedved.sk\/index.php\/zasady-ochrany-osobnych-udajov-gdpr\/","article_modified_time":"2026-03-30T13:58:08+00:00","twitter_card":"summary_large_image","twitter_misc":{"Predpokladan\u00fd \u010das \u010d\u00edtania":"1 min\u00fata"},"schema":{"@context":"https:\/\/schema.org","@graph":[{"@type":"WebPage","@id":"https:\/\/tumedved.sk\/index.php\/zasady-ochrany-osobnych-udajov-gdpr\/","url":"https:\/\/tumedved.sk\/index.php\/zasady-ochrany-osobnych-udajov-gdpr\/","name":"Z\u00e1sady ochrany osobn\u00fdch \u00fadajov (GDPR) -","isPartOf":{"@id":"http:\/\/tumedved.sk\/#website"},"datePublished":"2026-03-30T13:36:22+00:00","dateModified":"2026-03-30T13:58:08+00:00","breadcrumb":{"@id":"https:\/\/tumedved.sk\/index.php\/zasady-ochrany-osobnych-udajov-gdpr\/#breadcrumb"},"inLanguage":"sk-SK","potentialAction":[{"@type":"ReadAction","target":["https:\/\/tumedved.sk\/index.php\/zasady-ochrany-osobnych-udajov-gdpr\/"]}]},{"@type":"BreadcrumbList","@id":"https:\/\/tumedved.sk\/index.php\/zasady-ochrany-osobnych-udajov-gdpr\/#breadcrumb","itemListElement":[{"@type":"ListItem","position":1,"name":"Domovsk\u00e1 str\u00e1nka","item":"https:\/\/tumedved.sk\/"},{"@type":"ListItem","position":2,"name":"Z\u00e1sady ochrany osobn\u00fdch \u00fadajov (GDPR)"}]},{"@type":"WebSite","@id":"http:\/\/tumedved.sk\/#website","url":"http:\/\/tumedved.sk\/","name":"TuMedved.sk","description":"TuMedve\u010f.sk -zisti kde s\u00fa medvede na Slovesnku","publisher":{"@id":"http:\/\/tumedved.sk\/#\/schema\/person\/64a581dbeff210b9729648484bce6c57"},"potentialAction":[{"@type":"SearchAction","target":{"@type":"EntryPoint","urlTemplate":"http:\/\/tumedved.sk\/?s={search_term_string}"},"query-input":{"@type":"PropertyValueSpecification","valueRequired":true,"valueName":"search_term_string"}}],"inLanguage":"sk-SK"},{"@type":["Person","Organization"],"@id":"http:\/\/tumedved.sk\/#\/schema\/person\/64a581dbeff210b9729648484bce6c57","name":"Marek","image":{"@type":"ImageObject","inLanguage":"sk-SK","@id":"https:\/\/tumedved.sk\/wp-content\/uploads\/2026\/03\/cropped-cropped-cropped-TuMedved.sk_-1.webp","url":"https:\/\/tumedved.sk\/wp-content\/uploads\/2026\/03\/cropped-cropped-cropped-TuMedved.sk_-1.webp","contentUrl":"https:\/\/tumedved.sk\/wp-content\/uploads\/2026\/03\/cropped-cropped-cropped-TuMedved.sk_-1.webp","width":429,"height":120,"caption":"Marek"},"logo":{"@id":"https:\/\/tumedved.sk\/wp-content\/uploads\/2026\/03\/cropped-cropped-cropped-TuMedved.sk_-1.webp"},"sameAs":["http:\/\/tumedved.sk"]}]}},"_links":{"self":[{"href":"https:\/\/tumedved.sk\/index.php\/wp-json\/wp\/v2\/pages\/261","targetHints":{"allow":["GET"]}}],"collection":[{"href":"https:\/\/tumedved.sk\/index.php\/wp-json\/wp\/v2\/pages"}],"about":[{"href":"https:\/\/tumedved.sk\/index.php\/wp-json\/wp\/v2\/types\/page"}],"author":[{"embeddable":true,"href":"https:\/\/tumedved.sk\/index.php\/wp-json\/wp\/v2\/users\/1"}],"replies":[{"embeddable":true,"href":"https:\/\/tumedved.sk\/index.php\/wp-json\/wp\/v2\/comments?post=261"}],"version-history":[{"count":0,"href":"https:\/\/tumedved.sk\/index.php\/wp-json\/wp\/v2\/pages\/261\/revisions"}],"wp:attachment":[{"href":"https:\/\/tumedved.sk\/index.php\/wp-json\/wp\/v2\/media?parent=261"}],"curies":[{"name":"wp","href":"https:\/\/api.w.org\/{rel}","templated":true}]}}