{"id":7,"date":"2026-03-28T12:28:31","date_gmt":"2026-03-28T11:28:31","guid":{"rendered":"http:\/\/tumedved.sk\/?page_id=7"},"modified":"2026-04-11T16:08:14","modified_gmt":"2026-04-11T14:08:14","slug":"tumedved-sk","status":"publish","type":"page","link":"https:\/\/tumedved.sk\/","title":{"rendered":"TuMedved.sk"},"content":{"rendered":"\t\t<div data-elementor-type=\"wp-page\" data-elementor-id=\"7\" class=\"elementor elementor-7\">\n\t\t\t\t<div class=\"elementor-element elementor-element-8727042 e-con-full e-flex e-con e-parent\" data-id=\"8727042\" data-element_type=\"container\" data-e-type=\"container\">\n\t\t<div class=\"elementor-element elementor-element-5faebcc e-con-full e-flex e-con e-child\" data-id=\"5faebcc\" data-element_type=\"container\" data-e-type=\"container\">\n\t\t\t\t<div class=\"elementor-element elementor-element-71e0cf1 elementor-widget elementor-widget-image\" data-id=\"71e0cf1\" data-element_type=\"widget\" data-e-type=\"widget\" data-widget_type=\"image.default\">\n\t\t\t\t\t\t\t\t\t\t\t\t\t\t\t<img fetchpriority=\"high\" decoding=\"async\" width=\"911\" height=\"182\" src=\"https:\/\/tumedved.sk\/wp-content\/uploads\/2026\/03\/TuMedved.webp\" class=\"attachment-large size-large wp-image-144\" alt=\"\" srcset=\"https:\/\/tumedved.sk\/wp-content\/uploads\/2026\/03\/TuMedved.webp 911w, https:\/\/tumedved.sk\/wp-content\/uploads\/2026\/03\/TuMedved-300x60.webp 300w, https:\/\/tumedved.sk\/wp-content\/uploads\/2026\/03\/TuMedved-768x153.webp 768w\" sizes=\"(max-width: 911px) 100vw, 911px\" \/>\t\t\t\t\t\t\t\t\t\t\t\t\t\t\t<\/div>\n\t\t\t\t<\/div>\n\t\t\t\t<\/div>\n\t\t<div class=\"elementor-element elementor-element-0f7724f e-flex e-con-boxed e-con e-parent\" data-id=\"0f7724f\" data-element_type=\"container\" data-e-type=\"container\">\n\t\t\t\t\t<div class=\"e-con-inner\">\n\t\t\t\t<div class=\"elementor-element elementor-element-db10f1d elementor-widget elementor-widget-html\" data-id=\"db10f1d\" data-element_type=\"widget\" data-e-type=\"widget\" data-widget_type=\"html.default\">\n\t\t\t\t\t<div id=\"najnovsie-hlasenia\" style=\" background:#fff; padding:20px; border-radius:10px; box-shadow:0 4px 15px rgba(0,0,0,0.1); margin-bottom:20px; \">\r\n    <h3 style=\"margin-bottom:15px;\">Najnov\u0161ie hl\u00e1senia:<\/h3>\r\n    <div id=\"zoznam-hlaseni\"><\/div>\r\n<\/div>\r\n\r\n<script>\r\nfetch('https:\/\/tumedved.sk\/wp-json\/wp\/v2\/vyskyt-medveda?_=' + Date.now())\r\n.then(res => res.json())\r\n.then(posts => {\r\n\r\n    const container = document.getElementById(\"zoznam-hlaseni\");\r\n    container.innerHTML = \"\";\r\n\r\n    if (!Array.isArray(posts)) {\r\n        container.innerHTML = \"Nepodarilo sa na\u010d\u00edta\u0165 hl\u00e1senia.\";\r\n        return;\r\n    }\r\n\r\n    \/\/ zoradenie najnov\u0161\u00edch\r\n    posts.sort((a, b) => new Date(b.date) - new Date(a.date));\r\n\r\n    let count = 0;\r\n\r\n    posts.forEach(post => {\r\n\r\n        if (count >= 3) return; \/\/ \ud83d\udd25 STOP po 3 kusoch\r\n\r\n        const acf = post.acf || {};\r\n\r\n        let datum = \"\";\r\n        if (acf.datum) {\r\n            const d = acf.datum.toString();\r\n            if (d.length === 8) {\r\n                datum = d.substring(6,8) + \".\" + d.substring(4,6) + \".\" + d.substring(0,4);\r\n            }\r\n        }\r\n\r\n        const cas = acf.cas ? \", \" + acf.cas : \"\";\r\n\r\n        const lokalita = acf.lokalita \r\n            ? acf.lokalita \r\n            : post.title.rendered.replace('Medve\u010f \u2013 ', '');\r\n\r\n        const item = document.createElement(\"div\");\r\n        item.style.padding = \"10px 0\";\r\n        item.style.borderBottom = \"1px solid #eee\";\r\n\r\n        item.innerHTML = `\r\n            <span style=\"color:#d32f2f; font-weight:bold;\">\ud83d\udccd Medve\u010f viden\u00fd:<\/span>\r\n            ${lokalita}\r\n            ${datum ? \", \" + datum : \"\"}\r\n            ${cas}\r\n        `;\r\n\r\n        container.appendChild(item);\r\n\r\n        count++; \/\/ \ud83d\udd25 zv\u00fd\u0161 po\u010d\u00edtadlo\r\n    });\r\n\r\n})\r\n.catch(err => {\r\n    console.error(err);\r\n});\r\n<\/script>\r\n\t\t\t\t<\/div>\n\t\t<div class=\"elementor-element elementor-element-53b8268 e-con-full e-flex e-con e-child\" data-id=\"53b8268\" data-element_type=\"container\" data-e-type=\"container\">\n\t\t\t\t<div class=\"elementor-element elementor-element-b5b3d33 elementor-widget elementor-widget-heading\" data-id=\"b5b3d33\" data-element_type=\"widget\" data-e-type=\"widget\" data-widget_type=\"heading.default\">\n\t\t\t\t\t<h2 class=\"elementor-heading-title elementor-size-default\">Kde je medve\u010f?<\/h2>\t\t\t\t<\/div>\n\t\t\t\t<\/div>\n\t\t\t\t<div class=\"elementor-element elementor-element-efeb4e0 elementor-widget elementor-widget-html\" data-id=\"efeb4e0\" data-element_type=\"widget\" data-e-type=\"widget\" data-widget_type=\"html.default\">\n\t\t\t\t\t<p style=\"font-size:14px; color:#666;\">\r\n\ud83d\udccd Kliknite na mapu pre presn\u00fa polohu \u2013 s\u00faradnice sa vyplnia automaticky.\r\n<\/p>\r\n<div id=\"map\" style=\"height: 500px; width: 100%; border-radius: 8px;\"><\/div>\r\n\r\n<link rel=\"stylesheet\" href=\"https:\/\/unpkg.com\/leaflet@1.9.4\/dist\/leaflet.css\" \/>\r\n<script src=\"https:\/\/unpkg.com\/leaflet@1.9.4\/dist\/leaflet.js\"><\/script>\r\n\r\n<script>\r\n\/\/ ==================== MAPA ====================\r\n\r\nvar map = L.map('map').setView([48.716, 19.5], 7.8);\r\n\r\nL.tileLayer('https:\/\/{s}.tile.openstreetmap.org\/{z}\/{x}\/{y}.png', {\r\n    attribution: '&copy; OpenStreetMap contributors | TuMedved.sk'\r\n}).addTo(map);\r\n\r\n\/\/ IKONA\r\nvar bearIcon = L.icon({\r\n    iconUrl: 'https:\/\/tumedved.sk\/wp-content\/uploads\/2026\/03\/tumedved.sk_.png',\r\n    iconSize: [30, 30],\r\n    iconAnchor: [19, 38],\r\n    popupAnchor: [0, -35]\r\n});\r\n\r\n\/\/ \ud83d\udd25 FETCH MAPA (OPRAVEN\u00c9 + NOV\u00dd POPUP)\r\nfetch('https:\/\/tumedved.sk\/wp-json\/wp\/v2\/vyskyt-medveda?_=' + Date.now())\r\n    .then(response => response.json())\r\n    .then(posts => {\r\n\r\n        console.log(\"POSTY:\", posts);\r\n\r\n        if (!Array.isArray(posts)) {\r\n            console.error(\"\u274c API nevr\u00e1tilo pole:\", posts);\r\n            return;\r\n        }\r\n\r\n        posts.forEach(post => {\r\n\r\n            const acf = post.acf || {};\r\n            const lat = parseFloat(acf.lat);\r\n            const lng = parseFloat(acf.lng);\r\n\r\n            if (isNaN(lat) || isNaN(lng)) return;\r\n\r\n            \/\/ \ud83d\udd25 form\u00e1t d\u00e1tumu\r\n            let datum = \"\";\r\n            if (acf.datum) {\r\n                const d = acf.datum.toString();\r\n                if (d.length === 8) {\r\n                    datum = d.substring(6,8) + \".\" + d.substring(4,6) + \".\" + d.substring(0,4);\r\n                }\r\n            }\r\n\r\n            const cas = acf.cas ? acf.cas : \"\";\r\n\r\n            \/\/ \ud83d\udd25 lokalita\r\n            const lokalita = acf.lokalita \r\n                ? acf.lokalita \r\n                : post.title.rendered.replace('Medve\u010f \u2013 ', '');\r\n\r\n            \/\/ \ud83d\udd25 popup dizajn\r\n            const popupContent = `\r\n                <div style=\"min-width:240px; font-family:Arial;\">\r\n                    <div style=\"font-size:16px; font-weight:bold; margin-bottom:5px;\">\r\n                        \ud83d\udccd ${lokalita}\r\n                    <\/div>\r\n\r\n                    <div style=\"font-size:13px; color:#555;\">\r\n                        ${datum ? `\ud83d\udcc5 ${datum}<br>` : \"\"}\r\n                        ${cas ? `\u23f0 ${cas}<br>` : \"\"}\r\n                    <\/div>\r\n\r\n                    ${acf.poznamka ? `\r\n                        <div style=\"margin-top:8px; font-size:14px;\">\r\n                            ${acf.poznamka}\r\n                        <\/div>\r\n                    ` : \"\"}\r\n\r\n                    ${post.link ? `\r\n                        <div style=\"margin-top:10px;\">\r\n                            <a href=\"${post.link}\" target=\"_blank\" \r\n                            style=\"color:#1976d2; text-decoration:none; font-weight:bold;\">\r\n                                Zobrazi\u0165 detail \u2192\r\n                            <\/a>\r\n                        <\/div>\r\n                    ` : \"\"}\r\n                <\/div>\r\n            `;\r\n\r\n            L.marker([lat, lng], { icon: bearIcon })\r\n                .addTo(map)\r\n                .bindPopup(popupContent);\r\n        });\r\n\r\n    })\r\n    .catch(error => {\r\n        console.error('\u274c Chyba pri na\u010d\u00edtan\u00ed markerov:', error);\r\n    });\r\n\r\n\/\/ klik na mapu\r\nmap.on('click', function(e) {\r\n    const lat = e.latlng.lat.toFixed(5);\r\n    const lng = e.latlng.lng.toFixed(5);\r\n\r\n    window.location.href = `https:\/\/tumedved.sk\/index.php\/nahlasit-medveda\/?lat=${lat}&lng=${lng}`;\r\n});\r\n\r\nL.control.scale().addTo(map);\r\n<\/script>\r\n\r\n<script>\r\n\/\/ \ud83d\udd25 NAJNOV\u0160IE HL\u00c1SENIA (LEN 3 + NAJNOV\u0160IE NA VRCHU)\r\nfetch('https:\/\/tumedved.sk\/wp-json\/wp\/v2\/vyskyt-medveda?_=' + Date.now())\r\n.then(res => res.json())\r\n.then(posts => {\r\n\r\n    const container = document.getElementById(\"zoznam-hlaseni\");\r\n    container.innerHTML = \"\";\r\n\r\n    if (!Array.isArray(posts)) {\r\n        container.innerHTML = \"Nepodarilo sa na\u010d\u00edta\u0165 hl\u00e1senia.\";\r\n        return;\r\n    }\r\n\r\n    \/\/ zoradenie pod\u013ea d\u00e1tumu (najnov\u0161ie hore)\r\n    posts.sort((a, b) => new Date(b.date) - new Date(a.date));\r\n\r\n    \/\/ len 3\r\n    const posledne = posts.slice(0, 3);\r\n\r\n    posledne.forEach(post => {\r\n\r\n        const acf = post.acf || {};\r\n\r\n        let datum = \"\";\r\n        if (acf.datum) {\r\n            const d = acf.datum.toString();\r\n            if (d.length === 8) {\r\n                datum = d.substring(6,8) + \".\" + d.substring(4,6) + \".\" + d.substring(0,4);\r\n            }\r\n        }\r\n\r\n        const cas = acf.cas ? \", \" + acf.cas : \"\";\r\n\r\n        const lokalita = acf.lokalita \r\n            ? acf.lokalita \r\n            : post.title.rendered.replace('Medve\u010f \u2013 ', '');\r\n\r\n        const item = document.createElement(\"div\");\r\n        item.style.padding = \"10px 0\";\r\n        item.style.borderBottom = \"1px solid #eee\";\r\n\r\n        item.innerHTML = `\r\n            <span style=\"color:#d32f2f; font-weight:bold;\">\ud83d\udccd Medve\u010f viden\u00fd:<\/span>\r\n            ${lokalita}\r\n            ${datum ? \", \" + datum : \"\"}\r\n            ${cas}\r\n        `;\r\n\r\n        container.appendChild(item);\r\n    });\r\n\r\n})\r\n.catch(err => {\r\n    console.error(err);\r\n});\r\n<\/script>\t\t\t\t<\/div>\n\t\t\t\t\t<\/div>\n\t\t\t\t<\/div>\n\t\t<div class=\"elementor-element elementor-element-6b2f7d2 e-flex e-con-boxed e-con e-parent\" data-id=\"6b2f7d2\" data-element_type=\"container\" data-e-type=\"container\">\n\t\t\t\t\t<div class=\"e-con-inner\">\n\t\t\t\t<div class=\"elementor-element elementor-element-8254a6d elementor-widget elementor-widget-html\" data-id=\"8254a6d\" data-element_type=\"widget\" data-e-type=\"widget\" data-widget_type=\"html.default\">\n\t\t\t\t\t<div style=\"\r\n    background:#fff8f8;\r\n    border-left:5px solid #d32f2f;\r\n    padding:15px 20px;\r\n    border-radius:10px;\r\n    box-shadow:0 3px 10px rgba(0,0,0,0.05);\r\n    margin:20px 0;\r\n    font-family: Arial, sans-serif;\r\n\">\r\n\r\n    <div style=\"display:flex; align-items:center; gap:10px;\">\r\n        <span style=\"font-size:22px;\">\u26a0\ufe0f<\/span>\r\n        <strong style=\"color:#d32f2f; font-size:16px;\">Upozornenie<\/strong>\r\n    <\/div>\r\n\r\n    <p style=\"margin:10px 0 0 0; color:#444; line-height:1.5;\">\r\n        V\u0161etky hl\u00e1senia na tejto mape s\u00fa prid\u00e1van\u00e9 pou\u017e\u00edvate\u013emi. \r\n        \u00dadaje nemusia by\u0165 \u00faplne presn\u00e9 ani overen\u00e9. \r\n        Pou\u017e\u00edvajte ich len ako orienta\u010dn\u00e9 inform\u00e1cie.\r\n    <\/p>\r\n\r\n<\/div>\t\t\t\t<\/div>\n\t\t\t\t\t<\/div>\n\t\t\t\t<\/div>\n\t\t\t\t<\/div>\n\t\t","protected":false},"excerpt":{"rendered":"<p>Najnov\u0161ie hl\u00e1senia: Kde je medve\u010f? \ud83d\udccd Kliknite na mapu pre presn\u00fa polohu \u2013 s\u00faradnice sa vyplnia automaticky. \u26a0\ufe0f Upozornenie V\u0161etky [&hellip;]<\/p>\n","protected":false},"author":1,"featured_media":241,"parent":0,"menu_order":0,"comment_status":"closed","ping_status":"closed","template":"","meta":{"_acf_changed":false,"site-sidebar-layout":"no-sidebar","site-content-layout":"","ast-site-content-layout":"full-width-container","site-content-style":"default","site-sidebar-style":"default","ast-global-header-display":"","ast-banner-title-visibility":"","ast-main-header-display":"","ast-hfb-above-header-display":"","ast-hfb-below-header-display":"","ast-hfb-mobile-header-display":"","site-post-title":"disabled","ast-breadcrumbs-content":"","ast-featured-img":"disabled","footer-sml-layout":"","ast-disable-related-posts":"","theme-transparent-header-meta":"","adv-header-id-meta":"","stick-header-meta":"","header-above-stick-meta":"","header-main-stick-meta":"","header-below-stick-meta":"","astra-migrate-meta-layouts":"default","ast-page-background-enabled":"default","ast-page-background-meta":{"desktop":{"background-color":"var(--ast-global-color-5)","background-image":"","background-repeat":"repeat","background-position":"center center","background-size":"auto","background-attachment":"scroll","background-type":"","background-media":"","overlay-type":"","overlay-color":"","overlay-opacity":"","overlay-gradient":""},"tablet":{"background-color":"","background-image":"","background-repeat":"repeat","background-position":"center center","background-size":"auto","background-attachment":"scroll","background-type":"","background-media":"","overlay-type":"","overlay-color":"","overlay-opacity":"","overlay-gradient":""},"mobile":{"background-color":"","background-image":"","background-repeat":"repeat","background-position":"center center","background-size":"auto","background-attachment":"scroll","background-type":"","background-media":"","overlay-type":"","overlay-color":"","overlay-opacity":"","overlay-gradient":""}},"ast-content-background-meta":{"desktop":{"background-color":"var(--ast-global-color-4)","background-image":"","background-repeat":"repeat","background-position":"center center","background-size":"auto","background-attachment":"scroll","background-type":"","background-media":"","overlay-type":"","overlay-color":"","overlay-opacity":"","overlay-gradient":""},"tablet":{"background-color":"var(--ast-global-color-4)","background-image":"","background-repeat":"repeat","background-position":"center center","background-size":"auto","background-attachment":"scroll","background-type":"","background-media":"","overlay-type":"","overlay-color":"","overlay-opacity":"","overlay-gradient":""},"mobile":{"background-color":"var(--ast-global-color-4)","background-image":"","background-repeat":"repeat","background-position":"center center","background-size":"auto","background-attachment":"scroll","background-type":"","background-media":"","overlay-type":"","overlay-color":"","overlay-opacity":"","overlay-gradient":""}},"footnotes":""},"class_list":["post-7","page","type-page","status-publish","has-post-thumbnail","hentry"],"acf":[],"yoast_head":"<!-- This site is optimized with the Yoast SEO plugin v27.3 - https:\/\/yoast.com\/product\/yoast-seo-wordpress\/ -->\n<title>Mapa v\u00fdskytu medve\u010fov na Slovensku - TuMedved.sk<\/title>\n<meta name=\"description\" content=\"Sledujte aktu\u00e1lnu mapu v\u00fdskytu medve\u010fov na Slovensku. Zistite kde boli medvede naposledy viden\u00e9 a pridajte vlastn\u00e9 hl\u00e1senie. R\u00fdchle upozornenia pre turistov a obyvate\u013eov.\" \/>\n<meta name=\"robots\" content=\"index, follow, max-snippet:-1, max-image-preview:large, max-video-preview:-1\" \/>\n<link rel=\"canonical\" href=\"https:\/\/tumedved.sk\/\" \/>\n<meta property=\"og:locale\" content=\"sk_SK\" \/>\n<meta property=\"og:type\" content=\"article\" \/>\n<meta property=\"og:title\" content=\"Mapa v\u00fdskytu medve\u010fov na Slovensku - TuMedved.sk\" \/>\n<meta property=\"og:description\" content=\"Sledujte aktu\u00e1lnu mapu v\u00fdskytu medve\u010fov na Slovensku. Zistite kde boli medvede naposledy viden\u00e9 a pridajte vlastn\u00e9 hl\u00e1senie. R\u00fdchle upozornenia pre turistov a obyvate\u013eov.\" \/>\n<meta property=\"og:url\" content=\"https:\/\/tumedved.sk\/\" \/>\n<meta property=\"article:modified_time\" content=\"2026-04-11T14:08:14+00:00\" \/>\n<meta property=\"og:image\" content=\"http:\/\/tumedved.sk\/wp-content\/uploads\/2026\/03\/TuMedved.sk_-1.webp\" \/>\n\t<meta property=\"og:image:width\" content=\"612\" \/>\n\t<meta property=\"og:image:height\" content=\"408\" \/>\n\t<meta property=\"og:image:type\" content=\"image\/webp\" \/>\n<meta name=\"twitter:card\" content=\"summary_large_image\" \/>\n<meta name=\"twitter:label1\" content=\"Predpokladan\u00fd \u010das \u010d\u00edtania\" \/>\n\t<meta name=\"twitter:data1\" content=\"3 min\u00faty\" \/>\n<script type=\"application\/ld+json\" class=\"yoast-schema-graph\">{\"@context\":\"https:\\\/\\\/schema.org\",\"@graph\":[{\"@type\":\"WebPage\",\"@id\":\"https:\\\/\\\/tumedved.sk\\\/\",\"url\":\"https:\\\/\\\/tumedved.sk\\\/\",\"name\":\"Mapa v\u00fdskytu medve\u010fov na Slovensku - TuMedved.sk\",\"isPartOf\":{\"@id\":\"http:\\\/\\\/tumedved.sk\\\/#website\"},\"primaryImageOfPage\":{\"@id\":\"https:\\\/\\\/tumedved.sk\\\/#primaryimage\"},\"image\":{\"@id\":\"https:\\\/\\\/tumedved.sk\\\/#primaryimage\"},\"thumbnailUrl\":\"https:\\\/\\\/tumedved.sk\\\/wp-content\\\/uploads\\\/2026\\\/03\\\/TuMedved.sk_-1.webp\",\"datePublished\":\"2026-03-28T11:28:31+00:00\",\"dateModified\":\"2026-04-11T14:08:14+00:00\",\"description\":\"Sledujte aktu\u00e1lnu mapu v\u00fdskytu medve\u010fov na Slovensku. Zistite kde boli medvede naposledy viden\u00e9 a pridajte vlastn\u00e9 hl\u00e1senie. R\u00fdchle upozornenia pre turistov a obyvate\u013eov.\",\"breadcrumb\":{\"@id\":\"https:\\\/\\\/tumedved.sk\\\/#breadcrumb\"},\"inLanguage\":\"sk-SK\",\"potentialAction\":[{\"@type\":\"ReadAction\",\"target\":[\"https:\\\/\\\/tumedved.sk\\\/\"]}]},{\"@type\":\"ImageObject\",\"inLanguage\":\"sk-SK\",\"@id\":\"https:\\\/\\\/tumedved.sk\\\/#primaryimage\",\"url\":\"https:\\\/\\\/tumedved.sk\\\/wp-content\\\/uploads\\\/2026\\\/03\\\/TuMedved.sk_-1.webp\",\"contentUrl\":\"https:\\\/\\\/tumedved.sk\\\/wp-content\\\/uploads\\\/2026\\\/03\\\/TuMedved.sk_-1.webp\",\"width\":612,\"height\":408},{\"@type\":\"BreadcrumbList\",\"@id\":\"https:\\\/\\\/tumedved.sk\\\/#breadcrumb\",\"itemListElement\":[{\"@type\":\"ListItem\",\"position\":1,\"name\":\"Domovsk\u00e1 str\u00e1nka\",\"item\":\"https:\\\/\\\/tumedved.sk\\\/\"},{\"@type\":\"ListItem\",\"position\":2,\"name\":\"TuMedved.sk\"}]},{\"@type\":\"WebSite\",\"@id\":\"http:\\\/\\\/tumedved.sk\\\/#website\",\"url\":\"http:\\\/\\\/tumedved.sk\\\/\",\"name\":\"TuMedved.sk\",\"description\":\"TuMedve\u010f.sk -zisti kde s\u00fa medvede na Slovesnku\",\"publisher\":{\"@id\":\"http:\\\/\\\/tumedved.sk\\\/#\\\/schema\\\/person\\\/64a581dbeff210b9729648484bce6c57\"},\"potentialAction\":[{\"@type\":\"SearchAction\",\"target\":{\"@type\":\"EntryPoint\",\"urlTemplate\":\"http:\\\/\\\/tumedved.sk\\\/?s={search_term_string}\"},\"query-input\":{\"@type\":\"PropertyValueSpecification\",\"valueRequired\":true,\"valueName\":\"search_term_string\"}}],\"inLanguage\":\"sk-SK\"},{\"@type\":[\"Person\",\"Organization\"],\"@id\":\"http:\\\/\\\/tumedved.sk\\\/#\\\/schema\\\/person\\\/64a581dbeff210b9729648484bce6c57\",\"name\":\"Marek\",\"image\":{\"@type\":\"ImageObject\",\"inLanguage\":\"sk-SK\",\"@id\":\"https:\\\/\\\/tumedved.sk\\\/wp-content\\\/uploads\\\/2026\\\/03\\\/cropped-cropped-cropped-TuMedved.sk_-1.webp\",\"url\":\"https:\\\/\\\/tumedved.sk\\\/wp-content\\\/uploads\\\/2026\\\/03\\\/cropped-cropped-cropped-TuMedved.sk_-1.webp\",\"contentUrl\":\"https:\\\/\\\/tumedved.sk\\\/wp-content\\\/uploads\\\/2026\\\/03\\\/cropped-cropped-cropped-TuMedved.sk_-1.webp\",\"width\":429,\"height\":120,\"caption\":\"Marek\"},\"logo\":{\"@id\":\"https:\\\/\\\/tumedved.sk\\\/wp-content\\\/uploads\\\/2026\\\/03\\\/cropped-cropped-cropped-TuMedved.sk_-1.webp\"},\"sameAs\":[\"http:\\\/\\\/tumedved.sk\"]}]}<\/script>\n<!-- \/ Yoast SEO plugin. -->","yoast_head_json":{"title":"Mapa v\u00fdskytu medve\u010fov na Slovensku - TuMedved.sk","description":"Sledujte aktu\u00e1lnu mapu v\u00fdskytu medve\u010fov na Slovensku. Zistite kde boli medvede naposledy viden\u00e9 a pridajte vlastn\u00e9 hl\u00e1senie. R\u00fdchle upozornenia pre turistov a obyvate\u013eov.","robots":{"index":"index","follow":"follow","max-snippet":"max-snippet:-1","max-image-preview":"max-image-preview:large","max-video-preview":"max-video-preview:-1"},"canonical":"https:\/\/tumedved.sk\/","og_locale":"sk_SK","og_type":"article","og_title":"Mapa v\u00fdskytu medve\u010fov na Slovensku - TuMedved.sk","og_description":"Sledujte aktu\u00e1lnu mapu v\u00fdskytu medve\u010fov na Slovensku. Zistite kde boli medvede naposledy viden\u00e9 a pridajte vlastn\u00e9 hl\u00e1senie. R\u00fdchle upozornenia pre turistov a obyvate\u013eov.","og_url":"https:\/\/tumedved.sk\/","article_modified_time":"2026-04-11T14:08:14+00:00","og_image":[{"width":612,"height":408,"url":"http:\/\/tumedved.sk\/wp-content\/uploads\/2026\/03\/TuMedved.sk_-1.webp","type":"image\/webp"}],"twitter_card":"summary_large_image","twitter_misc":{"Predpokladan\u00fd \u010das \u010d\u00edtania":"3 min\u00faty"},"schema":{"@context":"https:\/\/schema.org","@graph":[{"@type":"WebPage","@id":"https:\/\/tumedved.sk\/","url":"https:\/\/tumedved.sk\/","name":"Mapa v\u00fdskytu medve\u010fov na Slovensku - TuMedved.sk","isPartOf":{"@id":"http:\/\/tumedved.sk\/#website"},"primaryImageOfPage":{"@id":"https:\/\/tumedved.sk\/#primaryimage"},"image":{"@id":"https:\/\/tumedved.sk\/#primaryimage"},"thumbnailUrl":"https:\/\/tumedved.sk\/wp-content\/uploads\/2026\/03\/TuMedved.sk_-1.webp","datePublished":"2026-03-28T11:28:31+00:00","dateModified":"2026-04-11T14:08:14+00:00","description":"Sledujte aktu\u00e1lnu mapu v\u00fdskytu medve\u010fov na Slovensku. Zistite kde boli medvede naposledy viden\u00e9 a pridajte vlastn\u00e9 hl\u00e1senie. R\u00fdchle upozornenia pre turistov a obyvate\u013eov.","breadcrumb":{"@id":"https:\/\/tumedved.sk\/#breadcrumb"},"inLanguage":"sk-SK","potentialAction":[{"@type":"ReadAction","target":["https:\/\/tumedved.sk\/"]}]},{"@type":"ImageObject","inLanguage":"sk-SK","@id":"https:\/\/tumedved.sk\/#primaryimage","url":"https:\/\/tumedved.sk\/wp-content\/uploads\/2026\/03\/TuMedved.sk_-1.webp","contentUrl":"https:\/\/tumedved.sk\/wp-content\/uploads\/2026\/03\/TuMedved.sk_-1.webp","width":612,"height":408},{"@type":"BreadcrumbList","@id":"https:\/\/tumedved.sk\/#breadcrumb","itemListElement":[{"@type":"ListItem","position":1,"name":"Domovsk\u00e1 str\u00e1nka","item":"https:\/\/tumedved.sk\/"},{"@type":"ListItem","position":2,"name":"TuMedved.sk"}]},{"@type":"WebSite","@id":"http:\/\/tumedved.sk\/#website","url":"http:\/\/tumedved.sk\/","name":"TuMedved.sk","description":"TuMedve\u010f.sk -zisti kde s\u00fa medvede na Slovesnku","publisher":{"@id":"http:\/\/tumedved.sk\/#\/schema\/person\/64a581dbeff210b9729648484bce6c57"},"potentialAction":[{"@type":"SearchAction","target":{"@type":"EntryPoint","urlTemplate":"http:\/\/tumedved.sk\/?s={search_term_string}"},"query-input":{"@type":"PropertyValueSpecification","valueRequired":true,"valueName":"search_term_string"}}],"inLanguage":"sk-SK"},{"@type":["Person","Organization"],"@id":"http:\/\/tumedved.sk\/#\/schema\/person\/64a581dbeff210b9729648484bce6c57","name":"Marek","image":{"@type":"ImageObject","inLanguage":"sk-SK","@id":"https:\/\/tumedved.sk\/wp-content\/uploads\/2026\/03\/cropped-cropped-cropped-TuMedved.sk_-1.webp","url":"https:\/\/tumedved.sk\/wp-content\/uploads\/2026\/03\/cropped-cropped-cropped-TuMedved.sk_-1.webp","contentUrl":"https:\/\/tumedved.sk\/wp-content\/uploads\/2026\/03\/cropped-cropped-cropped-TuMedved.sk_-1.webp","width":429,"height":120,"caption":"Marek"},"logo":{"@id":"https:\/\/tumedved.sk\/wp-content\/uploads\/2026\/03\/cropped-cropped-cropped-TuMedved.sk_-1.webp"},"sameAs":["http:\/\/tumedved.sk"]}]}},"_links":{"self":[{"href":"https:\/\/tumedved.sk\/index.php\/wp-json\/wp\/v2\/pages\/7","targetHints":{"allow":["GET"]}}],"collection":[{"href":"https:\/\/tumedved.sk\/index.php\/wp-json\/wp\/v2\/pages"}],"about":[{"href":"https:\/\/tumedved.sk\/index.php\/wp-json\/wp\/v2\/types\/page"}],"author":[{"embeddable":true,"href":"https:\/\/tumedved.sk\/index.php\/wp-json\/wp\/v2\/users\/1"}],"replies":[{"embeddable":true,"href":"https:\/\/tumedved.sk\/index.php\/wp-json\/wp\/v2\/comments?post=7"}],"version-history":[{"count":12,"href":"https:\/\/tumedved.sk\/index.php\/wp-json\/wp\/v2\/pages\/7\/revisions"}],"predecessor-version":[{"id":338,"href":"https:\/\/tumedved.sk\/index.php\/wp-json\/wp\/v2\/pages\/7\/revisions\/338"}],"wp:featuredmedia":[{"embeddable":true,"href":"https:\/\/tumedved.sk\/index.php\/wp-json\/wp\/v2\/media\/241"}],"wp:attachment":[{"href":"https:\/\/tumedved.sk\/index.php\/wp-json\/wp\/v2\/media?parent=7"}],"curies":[{"name":"wp","href":"https:\/\/api.w.org\/{rel}","templated":true}]}}